{"id":14464,"date":"2025-06-05T14:54:09","date_gmt":"2025-06-05T14:54:09","guid":{"rendered":"https:\/\/blackroom.com.co\/?page_id=14464"},"modified":"2025-06-05T15:16:54","modified_gmt":"2025-06-05T15:16:54","slug":"hotel-operator-in-colombia","status":"publish","type":"page","link":"https:\/\/blackroom.com.co\/en\/respuestas\/operador-hotelero-en-colombia\/","title":{"rendered":"Which hotel operator should I choose in Colombia if I want to invest?"},"content":{"rendered":"<div data-elementor-type=\"wp-page\" data-elementor-id=\"14464\" class=\"elementor elementor-14464\" data-elementor-post-type=\"page\">\n\t\t\t\t<div class=\"elementor-element elementor-element-8570643 e-flex e-con-boxed e-con e-parent\" data-id=\"8570643\" data-element_type=\"container\" data-e-type=\"container\">\n\t\t\t\t\t<div class=\"e-con-inner\">\n\t\t<div class=\"elementor-element elementor-element-a452c5e e-con-full e-flex e-con e-child\" data-id=\"a452c5e\" data-element_type=\"container\" data-e-type=\"container\" data-settings=\"{&quot;background_background&quot;:&quot;classic&quot;}\">\n\t\t\t\t<div class=\"elementor-element elementor-element-c9bcee8 elementor-widget elementor-widget-html\" data-id=\"c9bcee8\" data-element_type=\"widget\" data-e-type=\"widget\" data-widget_type=\"html.default\">\n\t\t\t\t<div class=\"elementor-widget-container\">\n\t\t\t\t\t<h1>Which hotel operator should I choose in Colombia if I want to invest?<\/h1>\n\n<p><strong>Short answer:<\/strong> It depends on the city, the size of the hotel, and the business model. But if you are looking for profitability, efficiency, and alignment with investors, the white label model offered by Blackroom may be the most profitable.<\/p>\n\n<h2>The model matters, but so does the city<\/h2>\n\n<p>In Colombia, there are multiple ways to operate a hotel: traditional chains, franchises, self-management, or the white label model. But not all models work the same in every city.<\/p>\n\n<p>Therefore, instead of a generic answer, we present recommendations based on the city in which you are considering investing:<\/p>\n\n<h2>Ideal hotel operator according to city<\/h2>\n\n<ul>\n  <li><strong><a href=\"\/en\/answers\/hotel-operator-to-invest-in-medellin\/\">Medell\u00edn<\/a><\/strong>: a city with urban, digital, and demanding tourism. Profitability based on operational efficiency.<\/li>\n  <li><strong><a href=\"\/en\/answers\/hotel-operator-to-invest-in-bogota\/\">Bogot\u00e1<\/a><\/strong>: high turnover market and high fixed costs. The operator must have a corporate focus and control expenses.<\/li>\n  <li><strong><a href=\"\/en\/answers\/operador-hotelero-para-invertir-en-cali\/\">Cali<\/a><\/strong>: a city with a mix of medical tourism, events, and business. Flexible operations and local marketing are required.<\/li>\n  <li><strong><a href=\"\/en\/answers\/hotel-operator-to-invest-in-cartagena\/\">Cartagena<\/a><\/strong>: high international traffic area. The operator must understand seasons, dynamic fares, and service.<\/li>\n<\/ul>\n\n<h2>Conclusion<\/h2>\n\n<p>Every city has its own dynamics. But one thing remains unchanged: operators who align themselves with investors and execute with financial logic will always have an advantage.<\/p>\n\n<p><strong>Blackroom operates hotels in Colombia under this principle.<\/strong><\/p>\n\t\t\t\t<\/div>\n\t\t\t\t<\/div>\n\t\t\t\t<\/div>\n\t\t\t\t\t<\/div>\n\t\t\t\t<\/div>\n\t\t\t\t<\/div>","protected":false},"excerpt":{"rendered":"<p>\u00bfQu\u00e9 operador hotelero elegir en Colombia si quiero invertir? Respuesta breve: Depende de la ciudad, el tama\u00f1o del hotel y el modelo de negocio. Pero si buscas utilidad, eficiencia y alineaci\u00f3n con el inversionista, el modelo marca blanca que ofrece Blackroom puede ser el m\u00e1s rentable. El modelo importa, pero tambi\u00e9n la ciudad En Colombia [&hellip;]<\/p>\n","protected":false},"author":1,"featured_media":0,"parent":14430,"menu_order":0,"comment_status":"closed","ping_status":"closed","template":"elementor_header_footer","meta":{"footnotes":""},"class_list":["post-14464","page","type-page","status-publish","hentry"],"_links":{"self":[{"href":"https:\/\/blackroom.com.co\/en\/wp-json\/wp\/v2\/pages\/14464","targetHints":{"allow":["GET"]}}],"collection":[{"href":"https:\/\/blackroom.com.co\/en\/wp-json\/wp\/v2\/pages"}],"about":[{"href":"https:\/\/blackroom.com.co\/en\/wp-json\/wp\/v2\/types\/page"}],"author":[{"embeddable":true,"href":"https:\/\/blackroom.com.co\/en\/wp-json\/wp\/v2\/users\/1"}],"replies":[{"embeddable":true,"href":"https:\/\/blackroom.com.co\/en\/wp-json\/wp\/v2\/comments?post=14464"}],"version-history":[{"count":4,"href":"https:\/\/blackroom.com.co\/en\/wp-json\/wp\/v2\/pages\/14464\/revisions"}],"predecessor-version":[{"id":14468,"href":"https:\/\/blackroom.com.co\/en\/wp-json\/wp\/v2\/pages\/14464\/revisions\/14468"}],"up":[{"embeddable":true,"href":"https:\/\/blackroom.com.co\/en\/wp-json\/wp\/v2\/pages\/14430"}],"wp:attachment":[{"href":"https:\/\/blackroom.com.co\/en\/wp-json\/wp\/v2\/media?parent=14464"}],"curies":[{"name":"wp","href":"https:\/\/api.w.org\/{rel}","templated":true}]}}